{"id":85,"date":"2025-04-17T11:34:27","date_gmt":"2025-04-17T09:34:27","guid":{"rendered":"http:\/\/www.dev.be-ipc.com\/?page_id=85"},"modified":"2025-09-25T14:06:26","modified_gmt":"2025-09-25T12:06:26","slug":"a-propos-de-nous","status":"publish","type":"page","link":"https:\/\/www.dev.be-ipc.com\/index.php\/a-propos-de-nous\/","title":{"rendered":"A propos de nous"},"content":{"rendered":"\t\t<div data-elementor-type=\"wp-page\" data-elementor-id=\"85\" class=\"elementor elementor-85\">\n\t\t\t\t<div class=\"elementor-element elementor-element-4c41123 e-flex e-con-boxed wpr-particle-no wpr-jarallax-no wpr-parallax-no wpr-sticky-section-no e-con e-parent\" data-id=\"4c41123\" data-element_type=\"container\">\n\t\t\t\t\t<div class=\"e-con-inner\">\n\t\t<div class=\"elementor-element elementor-element-137297f e-con-full e-flex wpr-particle-no wpr-jarallax-no wpr-parallax-no wpr-sticky-section-no e-con e-child\" data-id=\"137297f\" data-element_type=\"container\">\n\t\t<div class=\"elementor-element elementor-element-136e74a e-con-full e-flex wpr-particle-no wpr-jarallax-no wpr-parallax-no wpr-sticky-section-no e-con e-child\" data-id=\"136e74a\" data-element_type=\"container\">\n\t\t\t\t<div class=\"elementor-element elementor-element-c827ce6 elementor-widget elementor-widget-text-editor\" data-id=\"c827ce6\" data-element_type=\"widget\" data-widget_type=\"text-editor.default\">\n\t\t\t\t<div class=\"elementor-widget-container\">\n\t\t\t\t\t\t\t\t\t<p>Le bureau d&rsquo;\u00e9tudes IPC<\/p>\t\t\t\t\t\t\t\t<\/div>\n\t\t\t\t<\/div>\n\t\t\t\t<\/div>\n\t\t<div class=\"elementor-element elementor-element-21fd2f0 e-con-full e-flex wpr-particle-no wpr-jarallax-no wpr-parallax-no wpr-sticky-section-no e-con e-child\" data-id=\"21fd2f0\" data-element_type=\"container\">\n\t\t\t\t<div class=\"elementor-element elementor-element-c689132 elementor-widget elementor-widget-text-editor\" data-id=\"c689132\" data-element_type=\"widget\" data-widget_type=\"text-editor.default\">\n\t\t\t\t<div class=\"elementor-widget-container\">\n\t\t\t\t\t\t\t\t\t<p>Ing\u00e9nierie\u00a0 Pilotage\u00a0 Coordination<\/p>\t\t\t\t\t\t\t\t<\/div>\n\t\t\t\t<\/div>\n\t\t\t\t<\/div>\n\t\t\t\t<\/div>\n\t\t<div class=\"elementor-element elementor-element-f83f2fd e-con-full e-flex wpr-particle-no wpr-jarallax-no wpr-parallax-no wpr-sticky-section-no e-con e-child\" data-id=\"f83f2fd\" data-element_type=\"container\">\n\t\t<div class=\"elementor-element elementor-element-f078645 e-con-full e-flex wpr-particle-no wpr-jarallax-no wpr-parallax-no wpr-sticky-section-no e-con e-child\" data-id=\"f078645\" data-element_type=\"container\">\n\t\t\t\t<div class=\"elementor-element elementor-element-7908280 elementor-widget elementor-widget-image\" data-id=\"7908280\" data-element_type=\"widget\" data-widget_type=\"image.default\">\n\t\t\t\t<div class=\"elementor-widget-container\">\n\t\t\t\t\t\t\t\t\t\t\t\t\t\t\t<img fetchpriority=\"high\" decoding=\"async\" width=\"2048\" height=\"1536\" src=\"https:\/\/www.dev.be-ipc.com\/wp-content\/uploads\/2025\/09\/photo-bureaux-egypte01-2048x1536.webp\" class=\"attachment-2048x2048 size-2048x2048 wp-image-2221\" alt=\"\" srcset=\"https:\/\/www.dev.be-ipc.com\/wp-content\/uploads\/2025\/09\/photo-bureaux-egypte01-2048x1536.webp 2048w, https:\/\/www.dev.be-ipc.com\/wp-content\/uploads\/2025\/09\/photo-bureaux-egypte01-1024x768.webp 1024w, https:\/\/www.dev.be-ipc.com\/wp-content\/uploads\/2025\/09\/photo-bureaux-egypte01-768x576.webp 768w, https:\/\/www.dev.be-ipc.com\/wp-content\/uploads\/2025\/09\/photo-bureaux-egypte01-1536x1152.webp 1536w\" sizes=\"(max-width: 2048px) 100vw, 2048px\" \/>\t\t\t\t\t\t\t\t\t\t\t\t\t\t\t<\/div>\n\t\t\t\t<\/div>\n\t\t\t\t<\/div>\n\t\t<div class=\"elementor-element elementor-element-ddd5308 e-con-full e-flex wpr-particle-no wpr-jarallax-no wpr-parallax-no wpr-sticky-section-no e-con e-child\" data-id=\"ddd5308\" data-element_type=\"container\">\n\t\t\t\t<div class=\"elementor-element elementor-element-4e4ff60 elementor-widget elementor-widget-text-editor\" data-id=\"4e4ff60\" data-element_type=\"widget\" data-widget_type=\"text-editor.default\">\n\t\t\t\t<div class=\"elementor-widget-container\">\n\t\t\t\t\t\t\t\t\t<p>\u00a0 \u00a0 Nous sommes un bureau d\u2019\u00e9tudes g\u00e9n\u00e9raliste\/Economiste de la construction et ma\u00eetre d\u2019\u0153uvre d\u00e9samiantage sp\u00e9cialis\u00e9 en r\u00e9habilitation de logements sociaux en milieu occup\u00e9.\u00a0<\/p>\t\t\t\t\t\t\t\t<\/div>\n\t\t\t\t<\/div>\n\t\t\t\t<div class=\"elementor-element elementor-element-f233f25 elementor-widget elementor-widget-text-editor\" data-id=\"f233f25\" data-element_type=\"widget\" data-widget_type=\"text-editor.default\">\n\t\t\t\t<div class=\"elementor-widget-container\">\n\t\t\t\t\t\t\t\t\t<p>\u00a0 \u00a0 Cr\u00e9\u00e9 en 1982 pour accompagner les bailleurs sociaux dans la r\u00e9alisation de leurs travaux d\u2019am\u00e9lioration de l\u2019habitat lors la mise en place du PALULOS, nous avons depuis r\u00e9habilit\u00e9 pr\u00e9s de 40000\u00a0 logements.<\/p>\t\t\t\t\t\t\t\t<\/div>\n\t\t\t\t<\/div>\n\t\t\t\t<div class=\"elementor-element elementor-element-2f2ad7a elementor-widget elementor-widget-text-editor\" data-id=\"2f2ad7a\" data-element_type=\"widget\" data-widget_type=\"text-editor.default\">\n\t\t\t\t<div class=\"elementor-widget-container\">\n\t\t\t\t\t\t\t\t\t<p>\u00a0 \u00a0Notre mission : R\u00e9habiliter le patrimoine b\u00e2ti en faveur de l\u2019environnement, pour sa pr\u00e9servation et le confort des locataires.<\/p>\t\t\t\t\t\t\t\t<\/div>\n\t\t\t\t<\/div>\n\t\t\t\t<\/div>\n\t\t\t\t<\/div>\n\t\t<div class=\"elementor-element elementor-element-a15bf7a e-con-full e-flex wpr-particle-no wpr-jarallax-no wpr-parallax-no wpr-sticky-section-no e-con e-child\" data-id=\"a15bf7a\" data-element_type=\"container\">\n\t\t<div class=\"elementor-element elementor-element-4c34a9e e-con-full e-flex wpr-particle-no wpr-jarallax-no wpr-parallax-no wpr-sticky-section-no e-con e-child\" data-id=\"4c34a9e\" data-element_type=\"container\">\n\t\t\t\t<div class=\"elementor-element elementor-element-05f04e2 elementor-widget elementor-widget-text-editor\" data-id=\"05f04e2\" data-element_type=\"widget\" data-widget_type=\"text-editor.default\">\n\t\t\t\t<div class=\"elementor-widget-container\">\n\t\t\t\t\t\t\t\t\t<p data-start=\"78\" data-end=\"246\">\u00a0 \u00a0 Nous intervenons \u00e9galement sur des op\u00e9rations de r\u00e9habilitation lourde, qu\u2019il s\u2019agisse de sites occup\u00e9s (y compris en tiroir) ou de restructurations en milieu vacant.<\/p><p data-start=\"78\" data-end=\"246\">\u00a0 \u00a0 Nos comp\u00e9tences couvrent des missions de ma\u00eetrise d\u2019\u0153uvre \u2014 compl\u00e8tes ou partielles \u2014 ainsi que des missions d\u2019OPC et d\u2019ing\u00e9nierie sociale.<\/p>\t\t\t\t\t\t\t\t<\/div>\n\t\t\t\t<\/div>\n\t\t\t\t<\/div>\n\t\t\t\t<\/div>\n\t\t<div class=\"elementor-element elementor-element-a71628c e-con-full e-flex wpr-particle-no wpr-jarallax-no wpr-parallax-no wpr-sticky-section-no e-con e-child\" data-id=\"a71628c\" data-element_type=\"container\">\n\t\t<div class=\"elementor-element elementor-element-106f1dd e-con-full e-flex wpr-particle-no wpr-jarallax-no wpr-parallax-no wpr-sticky-section-no e-con e-child\" data-id=\"106f1dd\" data-element_type=\"container\">\n\t\t\t\t<div class=\"elementor-element elementor-element-02e08ff elementor-widget elementor-widget-text-editor\" data-id=\"02e08ff\" data-element_type=\"widget\" data-widget_type=\"text-editor.default\">\n\t\t\t\t<div class=\"elementor-widget-container\">\n\t\t\t\t\t\t\t\t\t<p>L&rsquo;\u00e9quipe<\/p>\t\t\t\t\t\t\t\t<\/div>\n\t\t\t\t<\/div>\n\t\t\t\t<\/div>\n\t\t\t\t<\/div>\n\t\t<div class=\"elementor-element elementor-element-f1a4595 e-grid e-con-full wpr-particle-no wpr-jarallax-no wpr-parallax-no wpr-sticky-section-no e-con e-child\" data-id=\"f1a4595\" data-element_type=\"container\">\n\t\t<a class=\"elementor-element elementor-element-8470a90 e-con-full e-flex wpr-particle-no wpr-jarallax-no wpr-parallax-no wpr-sticky-section-no e-con e-child\" data-id=\"8470a90\" data-element_type=\"container\" data-settings=\"{&quot;background_background&quot;:&quot;classic&quot;}\" href=\"https:\/\/www.linkedin.com\/in\/fatimameghit\/\" target=\"_blank\" rel=\"nofollow\">\n\t\t\t\t<div class=\"elementor-element elementor-element-1a27a12 elementor-widget elementor-widget-text-editor\" data-id=\"1a27a12\" data-element_type=\"widget\" data-widget_type=\"text-editor.default\">\n\t\t\t\t<div class=\"elementor-widget-container\">\n\t\t\t\t\t\t\t\t\t<ul><li>Fatima MEGHIT<\/li><\/ul>\t\t\t\t\t\t\t\t<\/div>\n\t\t\t\t<\/div>\n\t\t\t\t<div class=\"elementor-element elementor-element-08839bd elementor-widget elementor-widget-text-editor\" data-id=\"08839bd\" data-element_type=\"widget\" data-widget_type=\"text-editor.default\">\n\t\t\t\t<div class=\"elementor-widget-container\">\n\t\t\t\t\t\t\t\t\t<p style=\"padding-left: 40px;\">Architecte DPLG<\/p>\t\t\t\t\t\t\t\t<\/div>\n\t\t\t\t<\/div>\n\t\t\t\t<div class=\"elementor-element elementor-element-4041116 elementor-widget elementor-widget-text-editor\" data-id=\"4041116\" data-element_type=\"widget\" data-widget_type=\"text-editor.default\">\n\t\t\t\t<div class=\"elementor-widget-container\">\n\t\t\t\t\t\t\t\t\t<p style=\"padding-left: 40px;\">Directrice g\u00e9n\u00e9rale<\/p>\t\t\t\t\t\t\t\t<\/div>\n\t\t\t\t<\/div>\n\t\t\t\t<\/a>\n\t\t<a class=\"elementor-element elementor-element-08a7228 e-con-full e-flex wpr-particle-no wpr-jarallax-no wpr-parallax-no wpr-sticky-section-no e-con e-child\" data-id=\"08a7228\" data-element_type=\"container\" data-settings=\"{&quot;background_background&quot;:&quot;classic&quot;}\" href=\"https:\/\/www.linkedin.com\/in\/yannick-rojas-790aa373\/\" target=\"_blank\" rel=\"nofollow\">\n\t\t\t\t<div class=\"elementor-element elementor-element-46d9661 elementor-widget elementor-widget-text-editor\" data-id=\"46d9661\" data-element_type=\"widget\" data-widget_type=\"text-editor.default\">\n\t\t\t\t<div class=\"elementor-widget-container\">\n\t\t\t\t\t\t\t\t\t<ul><li>Yannick ROJAS<\/li><\/ul>\t\t\t\t\t\t\t\t<\/div>\n\t\t\t\t<\/div>\n\t\t\t\t<div class=\"elementor-element elementor-element-cd565cf elementor-widget elementor-widget-text-editor\" data-id=\"cd565cf\" data-element_type=\"widget\" data-widget_type=\"text-editor.default\">\n\t\t\t\t<div class=\"elementor-widget-container\">\n\t\t\t\t\t\t\t\t\t<p style=\"padding-left: 40px;\">Ing\u00e9nieur<\/p>\t\t\t\t\t\t\t\t<\/div>\n\t\t\t\t<\/div>\n\t\t\t\t<div class=\"elementor-element elementor-element-90e5a61 elementor-widget elementor-widget-text-editor\" data-id=\"90e5a61\" data-element_type=\"widget\" data-widget_type=\"text-editor.default\">\n\t\t\t\t<div class=\"elementor-widget-container\">\n\t\t\t\t\t\t\t\t\t<p style=\"padding-left: 40px;\">Responsable technique<\/p>\t\t\t\t\t\t\t\t<\/div>\n\t\t\t\t<\/div>\n\t\t\t\t<\/a>\n\t\t<a class=\"elementor-element elementor-element-57eabe4 e-con-full e-flex wpr-particle-no wpr-jarallax-no wpr-parallax-no wpr-sticky-section-no e-con e-child\" data-id=\"57eabe4\" data-element_type=\"container\" data-settings=\"{&quot;background_background&quot;:&quot;classic&quot;}\" href=\"https:\/\/www.linkedin.com\/in\/denis-jean-marie-d%C3%A9sir%C3%A9e-18170817b\/\" target=\"_blank\" rel=\"nofollow\">\n\t\t\t\t<div class=\"elementor-element elementor-element-1cf1970 elementor-widget elementor-widget-text-editor\" data-id=\"1cf1970\" data-element_type=\"widget\" data-widget_type=\"text-editor.default\">\n\t\t\t\t<div class=\"elementor-widget-container\">\n\t\t\t\t\t\t\t\t\t<ul><li>Denis JEAN-MARIE-DESIREE<\/li><\/ul>\t\t\t\t\t\t\t\t<\/div>\n\t\t\t\t<\/div>\n\t\t\t\t<div class=\"elementor-element elementor-element-d8442b7 elementor-widget elementor-widget-text-editor\" data-id=\"d8442b7\" data-element_type=\"widget\" data-widget_type=\"text-editor.default\">\n\t\t\t\t<div class=\"elementor-widget-container\">\n\t\t\t\t\t\t\t\t\t<p style=\"padding-left: 40px;\">Ing\u00e9nieur BTP \/ Economiste<\/p>\t\t\t\t\t\t\t\t<\/div>\n\t\t\t\t<\/div>\n\t\t\t\t<div class=\"elementor-element elementor-element-9dff51e elementor-widget elementor-widget-text-editor\" data-id=\"9dff51e\" data-element_type=\"widget\" data-widget_type=\"text-editor.default\">\n\t\t\t\t<div class=\"elementor-widget-container\">\n\t\t\t\t\t\t\t\t\t<p style=\"padding-left: 40px;\">Charg\u00e9 d&rsquo;op\u00e9rations<\/p>\t\t\t\t\t\t\t\t<\/div>\n\t\t\t\t<\/div>\n\t\t\t\t<\/a>\n\t\t<a class=\"elementor-element elementor-element-be47977 e-con-full e-flex wpr-particle-no wpr-jarallax-no wpr-parallax-no wpr-sticky-section-no e-con e-child\" data-id=\"be47977\" data-element_type=\"container\" data-settings=\"{&quot;background_background&quot;:&quot;classic&quot;}\" href=\"https:\/\/www.linkedin.com\/in\/parlange-architecte\/\" target=\"_blank\" rel=\"nofollow\">\n\t\t\t\t<div class=\"elementor-element elementor-element-3b5ab29 elementor-widget elementor-widget-text-editor\" data-id=\"3b5ab29\" data-element_type=\"widget\" data-widget_type=\"text-editor.default\">\n\t\t\t\t<div class=\"elementor-widget-container\">\n\t\t\t\t\t\t\t\t\t<ul><li>David PARLANGE<\/li><\/ul>\t\t\t\t\t\t\t\t<\/div>\n\t\t\t\t<\/div>\n\t\t\t\t<div class=\"elementor-element elementor-element-3ca14c1 elementor-widget elementor-widget-text-editor\" data-id=\"3ca14c1\" data-element_type=\"widget\" data-widget_type=\"text-editor.default\">\n\t\t\t\t<div class=\"elementor-widget-container\">\n\t\t\t\t\t\t\t\t\t<p style=\"padding-left: 40px;\">Architecte DPLG<\/p>\t\t\t\t\t\t\t\t<\/div>\n\t\t\t\t<\/div>\n\t\t\t\t<div class=\"elementor-element elementor-element-49a2697 elementor-widget elementor-widget-text-editor\" data-id=\"49a2697\" data-element_type=\"widget\" data-widget_type=\"text-editor.default\">\n\t\t\t\t<div class=\"elementor-widget-container\">\n\t\t\t\t\t\t\t\t\t<p style=\"padding-left: 40px;\">Charg\u00e9 d&rsquo;op\u00e9rations<\/p>\t\t\t\t\t\t\t\t<\/div>\n\t\t\t\t<\/div>\n\t\t\t\t<\/a>\n\t\t<div class=\"elementor-element elementor-element-7ff9d25 e-con-full e-flex wpr-particle-no wpr-jarallax-no wpr-parallax-no wpr-sticky-section-no e-con e-child\" data-id=\"7ff9d25\" data-element_type=\"container\" data-settings=\"{&quot;background_background&quot;:&quot;classic&quot;}\">\n\t\t\t\t<div class=\"elementor-element elementor-element-1cbccd8 elementor-widget elementor-widget-text-editor\" data-id=\"1cbccd8\" data-element_type=\"widget\" data-widget_type=\"text-editor.default\">\n\t\t\t\t<div class=\"elementor-widget-container\">\n\t\t\t\t\t\t\t\t\t<ul><li>Sophie TRONQUET<\/li><\/ul>\t\t\t\t\t\t\t\t<\/div>\n\t\t\t\t<\/div>\n\t\t\t\t<div class=\"elementor-element elementor-element-f3be1af elementor-widget elementor-widget-text-editor\" data-id=\"f3be1af\" data-element_type=\"widget\" data-widget_type=\"text-editor.default\">\n\t\t\t\t<div class=\"elementor-widget-container\">\n\t\t\t\t\t\t\t\t\t<p style=\"padding-left: 40px;\">Assistante de direction<\/p>\t\t\t\t\t\t\t\t<\/div>\n\t\t\t\t<\/div>\n\t\t\t\t<\/div>\n\t\t<div class=\"elementor-element elementor-element-7641bc0 e-con-full e-flex wpr-particle-no wpr-jarallax-no wpr-parallax-no wpr-sticky-section-no e-con e-child\" data-id=\"7641bc0\" data-element_type=\"container\" data-settings=\"{&quot;background_background&quot;:&quot;classic&quot;}\">\n\t\t\t\t<div class=\"elementor-element elementor-element-a19958a elementor-widget elementor-widget-text-editor\" data-id=\"a19958a\" data-element_type=\"widget\" data-widget_type=\"text-editor.default\">\n\t\t\t\t<div class=\"elementor-widget-container\">\n\t\t\t\t\t\t\t\t\t<ul><li>Annick DUCLOS<\/li><\/ul>\t\t\t\t\t\t\t\t<\/div>\n\t\t\t\t<\/div>\n\t\t\t\t<div class=\"elementor-element elementor-element-e5f5ef6 elementor-widget elementor-widget-text-editor\" data-id=\"e5f5ef6\" data-element_type=\"widget\" data-widget_type=\"text-editor.default\">\n\t\t\t\t<div class=\"elementor-widget-container\">\n\t\t\t\t\t\t\t\t\t<p style=\"padding-left: 40px;\">Assistante technique<\/p>\t\t\t\t\t\t\t\t<\/div>\n\t\t\t\t<\/div>\n\t\t\t\t<\/div>\n\t\t\t\t<\/div>\n\t\t\t\t\t<\/div>\n\t\t\t\t<\/div>\n\t\t\t\t<\/div>\n\t\t","protected":false},"excerpt":{"rendered":"<p>Le bureau d&rsquo;\u00e9tudes IPC Ing\u00e9nierie\u00a0 Pilotage\u00a0 Coordination \u00a0 \u00a0 Nous sommes un bureau d\u2019\u00e9tudes g\u00e9n\u00e9raliste\/Economiste de la construction et ma\u00eetre d\u2019\u0153uvre d\u00e9samiantage sp\u00e9cialis\u00e9 en r\u00e9habilitation de logements sociaux en milieu occup\u00e9.\u00a0 \u00a0 \u00a0 Cr\u00e9\u00e9 en 1982 pour accompagner les bailleurs sociaux dans la r\u00e9alisation de leurs travaux d\u2019am\u00e9lioration de l\u2019habitat lors la mise en place du PALULOS, nous avons depuis r\u00e9habilit\u00e9 pr\u00e9s de 40000\u00a0 logements. \u00a0 \u00a0Notre mission : R\u00e9habiliter le patrimoine b\u00e2ti en faveur de l\u2019environnement, pour sa pr\u00e9servation et le confort des locataires. \u00a0 \u00a0 Nous intervenons \u00e9galement sur des op\u00e9rations de r\u00e9habilitation lourde, qu\u2019il s\u2019agisse de sites occup\u00e9s (y compris en tiroir) ou de restructurations en milieu vacant. \u00a0 \u00a0 Nos comp\u00e9tences couvrent des missions de ma\u00eetrise d\u2019\u0153uvre \u2014 compl\u00e8tes ou partielles \u2014 ainsi que des missions d\u2019OPC et d\u2019ing\u00e9nierie sociale. L&rsquo;\u00e9quipe Fatima MEGHIT Architecte DPLG Directrice g\u00e9n\u00e9rale Yannick ROJAS Ing\u00e9nieur Responsable technique Denis JEAN-MARIE-DESIREE Ing\u00e9nieur BTP \/ Economiste Charg\u00e9 d&rsquo;op\u00e9rations David PARLANGE Architecte DPLG Charg\u00e9 d&rsquo;op\u00e9rations Sophie TRONQUET Assistante de direction Annick DUCLOS Assistante technique<\/p>\n","protected":false},"author":3,"featured_media":0,"parent":0,"menu_order":0,"comment_status":"closed","ping_status":"closed","template":"","meta":{"footnotes":""},"folder":[41],"class_list":["post-85","page","type-page","status-publish","hentry","entry"],"_links":{"self":[{"href":"https:\/\/www.dev.be-ipc.com\/index.php\/wp-json\/wp\/v2\/pages\/85","targetHints":{"allow":["GET"]}}],"collection":[{"href":"https:\/\/www.dev.be-ipc.com\/index.php\/wp-json\/wp\/v2\/pages"}],"about":[{"href":"https:\/\/www.dev.be-ipc.com\/index.php\/wp-json\/wp\/v2\/types\/page"}],"author":[{"embeddable":true,"href":"https:\/\/www.dev.be-ipc.com\/index.php\/wp-json\/wp\/v2\/users\/3"}],"replies":[{"embeddable":true,"href":"https:\/\/www.dev.be-ipc.com\/index.php\/wp-json\/wp\/v2\/comments?post=85"}],"version-history":[{"count":158,"href":"https:\/\/www.dev.be-ipc.com\/index.php\/wp-json\/wp\/v2\/pages\/85\/revisions"}],"predecessor-version":[{"id":2243,"href":"https:\/\/www.dev.be-ipc.com\/index.php\/wp-json\/wp\/v2\/pages\/85\/revisions\/2243"}],"wp:attachment":[{"href":"https:\/\/www.dev.be-ipc.com\/index.php\/wp-json\/wp\/v2\/media?parent=85"}],"wp:term":[{"taxonomy":"folder","embeddable":true,"href":"https:\/\/www.dev.be-ipc.com\/index.php\/wp-json\/wp\/v2\/folder?post=85"}],"curies":[{"name":"wp","href":"https:\/\/api.w.org\/{rel}","templated":true}]}}